{"id":10322,"date":"2022-05-20T16:20:46","date_gmt":"2022-05-20T14:20:46","guid":{"rendered":"https:\/\/siic.albiz.org.mk\/rreth-projektit\/"},"modified":"2024-01-19T08:18:04","modified_gmt":"2024-01-19T07:18:04","slug":"rreth-projektit","status":"publish","type":"page","link":"https:\/\/siic.albiz.org.mk\/sq\/rreth-projektit\/","title":{"rendered":"Rreth projektit"},"content":{"rendered":"\t\t<div data-elementor-type=\"wp-page\" data-elementor-id=\"10322\" class=\"elementor elementor-10322 elementor-10064\">\n\t\t\t\t\t\t<section class=\"elementor-section elementor-top-section elementor-element elementor-element-55cf702e elementor-section-boxed elementor-section-height-default elementor-section-height-default\" data-id=\"55cf702e\" data-element_type=\"section\">\n\t\t\t\t\t\t<div class=\"elementor-container elementor-column-gap-default\">\n\t\t\t\t\t<div class=\"elementor-column elementor-col-50 elementor-top-column elementor-element elementor-element-19eb34eb column-style-top\" data-id=\"19eb34eb\" data-element_type=\"column\">\n\t\t\t<div class=\"elementor-widget-wrap elementor-element-populated\">\n\t\t\t\t\t\t<div class=\"elementor-element elementor-element-35678ff6 elementor-widget elementor-widget-gva-heading-block\" data-id=\"35678ff6\" data-element_type=\"widget\" data-widget_type=\"gva-heading-block.default\">\n\t\t\t\t<div class=\"elementor-widget-container\">\n\t\t\t\t\t<div class=\"gva-element-gva-heading-block gva-element\">   <div class=\"align-left style-1 widget gsc-heading box-align-left\">\r\n      <div class=\"content-inner\">\r\n         \r\n                  \r\n                     <div class=\"clearfix\"><div class=\"sub-title highlight-dot\"><span>P\u00ebr ne<\/span><\/div><\/div>\r\n           \r\n         \r\n                     <h2 class=\"title\">\r\n               <span>P\u00ebr projektin<\/span>\r\n            <\/h2>\r\n                              <div class=\"title-desc\"><p><span class=\"jCAhz ChMk0b\"><span class=\"ryNqvb\">Ky program \u00ebsht\u00eb pjes\u00eb e nism\u00ebs s\u00eb USAID-it p\u00ebr Local Works t\u00eb Maqedonis\u00eb s\u00eb Veriut, e cila synon t\u00eb fuqizoj\u00eb aktor\u00ebt lokal\u00eb p\u00ebr t\u00eb marr\u00eb drejtimin n\u00eb identifikimin dhe adresimin e sfidave t\u00eb zhvillimit n\u00eb komunitetet e tyre.<\/span><\/span><\/p><p><span class=\"jCAhz ChMk0b\"><span class=\"ryNqvb\">Objektivi i projektit Investime me ndikim shoq\u00ebror n\u00eb komunitete \u00ebsht\u00eb rritja e investimeve t\u00eb sektorit privat q\u00eb do t\u00eb rezultoj\u00eb n\u00eb nj\u00eb ndikim pozitiv shoq\u00ebror dhe do t\u00eb p\u00ebrmir\u00ebsoj\u00eb standardin e jetes\u00ebs p\u00ebr t\u00eb gjith\u00eb qytetar\u00ebt n\u00eb kat\u00ebr komunat n\u00eb pjes\u00ebn veriper\u00ebndimore t\u00eb vendit (Saraj, Zhelin\u00eb, B\u00ebrvenic\u00eb dhe Tearc\u00eb).<\/span><\/span><\/p><p><span class=\"jCAhz ChMk0b\"><span class=\"ryNqvb\">Ky projekt i ndihmon bizneset q\u00eb t\u00eb b\u00ebhen nxit\u00ebs t\u00eb njohur t\u00eb zhvillimit t\u00eb udh\u00ebhequr nga iniciativa n\u00eb nivel lokal, me synim gjenerimin e ideve, zhvillimin e projekteve dhe mobilizimin e burimeve p\u00ebr zbatimin e tyre s\u00eb bashku me qytetar\u00ebt vendas, organizatat e shoq\u00ebris\u00eb civile, autoritetet komunale dhe grupet e tjera t\u00eb interesit.<\/span><\/span><\/p><\/div>\r\n         \r\n         \r\n      <\/div>\r\n   <\/div>\r\n   <div class=\"clearfix\"><\/div>\r\n<\/div>\t\t\t\t<\/div>\n\t\t\t\t<\/div>\n\t\t\t\t\t<\/div>\n\t\t<\/div>\n\t\t\t\t<div class=\"elementor-column elementor-col-50 elementor-top-column elementor-element elementor-element-296753c column-style-top\" data-id=\"296753c\" data-element_type=\"column\">\n\t\t\t<div class=\"elementor-widget-wrap elementor-element-populated\">\n\t\t\t\t\t\t<div class=\"elementor-element elementor-element-3989aba elementor-widget elementor-widget-video\" data-id=\"3989aba\" data-element_type=\"widget\" data-settings=\"{&quot;youtube_url&quot;:&quot;https:\\\/\\\/www.youtube.com\\\/watch?v=DNT-IjOgU4c&quot;,&quot;video_type&quot;:&quot;youtube&quot;,&quot;controls&quot;:&quot;yes&quot;}\" data-widget_type=\"video.default\">\n\t\t\t\t<div class=\"elementor-widget-container\">\n\t\t\t\t\t\t\t<div class=\"elementor-wrapper elementor-open-inline\">\n\t\t\t<div class=\"elementor-video\"><\/div>\t\t<\/div>\n\t\t\t\t\t\t<\/div>\n\t\t\t\t<\/div>\n\t\t\t\t<div class=\"elementor-element elementor-element-a541adb elementor-widget elementor-widget-gva-heading-block\" data-id=\"a541adb\" data-element_type=\"widget\" data-widget_type=\"gva-heading-block.default\">\n\t\t\t\t<div class=\"elementor-widget-container\">\n\t\t\t\t\t<div class=\"gva-element-gva-heading-block gva-element\">   <div class=\"align-left style-1 widget gsc-heading box-align-left\">\r\n      <div class=\"content-inner\">\r\n         \r\n                  \r\n           \r\n         \r\n                              <div class=\"title-desc\"><p>Duke prezantuar dhe p\u00ebrmir\u00ebsuar modelin ekzistues p\u00ebr p\u00ebrgjegj\u00ebsin\u00eb shoq\u00ebrore korporatave t\u00eb Fondacionit Albiz, projekti synon t\u00eb krijoj\u00eb mekanizma efektiv\u00eb dhe t\u00eb q\u00ebndruesh\u00ebm p\u00ebr zgjidhjen e problemeve t\u00eb komunitetit. V\u00ebmendje e ve\u00e7ant\u00eb i kushtohet promovimit t\u00eb pjes\u00ebmarrjes aktive t\u00eb t\u00eb rinjve, grave dhe kategorive t\u00eb tjera t\u00eb l\u00ebndueshme t\u00eb qytetar\u00ebve p\u00ebr p\u00ebrgatitjen e projekteve q\u00eb do t\u00eb plot\u00ebsojn\u00eb nevojat e tyre specifike.<\/p><\/div>\r\n         \r\n         \r\n      <\/div>\r\n   <\/div>\r\n   <div class=\"clearfix\"><\/div>\r\n<\/div>\t\t\t\t<\/div>\n\t\t\t\t<\/div>\n\t\t\t\t\t<\/div>\n\t\t<\/div>\n\t\t\t\t\t<\/div>\n\t\t<\/section>\n\t\t\t\t<section class=\"elementor-section elementor-top-section elementor-element elementor-element-76a1043 elementor-section-boxed elementor-section-height-default elementor-section-height-default\" data-id=\"76a1043\" data-element_type=\"section\">\n\t\t\t\t\t\t<div class=\"elementor-container elementor-column-gap-default\">\n\t\t\t\t\t<div class=\"elementor-column elementor-col-50 elementor-top-column elementor-element elementor-element-7c2569d column-style-top\" data-id=\"7c2569d\" data-element_type=\"column\">\n\t\t\t<div class=\"elementor-widget-wrap elementor-element-populated\">\n\t\t\t\t\t\t<div class=\"elementor-element elementor-element-02084cb elementor-position-left elementor-view-default elementor-mobile-position-top elementor-widget elementor-widget-icon-box\" data-id=\"02084cb\" data-element_type=\"widget\" data-widget_type=\"icon-box.default\">\n\t\t\t\t<div class=\"elementor-widget-container\">\n\t\t\t\t\t\t\t<div class=\"elementor-icon-box-wrapper\">\n\n\t\t\t\t\t\t<div class=\"elementor-icon-box-icon\">\n\t\t\t\t<span  class=\"elementor-icon\">\n\t\t\t\t<i aria-hidden=\"true\" class=\"fi flaticon-checkmark\"><\/i>\t\t\t\t<\/span>\n\t\t\t<\/div>\n\t\t\t\n\t\t\t\t\t\t<div class=\"elementor-icon-box-content\">\n\n\t\t\t\t\t\t\t\t\t<h3 class=\"elementor-icon-box-title\">\n\t\t\t\t\t\t<span  >\n\t\t\t\t\t\t\tQ\u00ebllimet e projektit\t\t\t\t\t\t<\/span>\n\t\t\t\t\t<\/h3>\n\t\t\t\t\n\t\t\t\t\t\t\t\t\t<p class=\"elementor-icon-box-description\">\n\t\t\t\t\t\tRritja e investimeve t\u00eb sektorit privat n\u00eb projekte me ndikim t\u00eb gjer\u00eb shoq\u00ebror. Krijimi i partneriteteve nd\u00ebrsektoriale p\u00ebr zhvillimin e udh\u00ebhequr nga iniciativat n\u00eb nivel lokal.\t\t\t\t\t<\/p>\n\t\t\t\t\n\t\t\t<\/div>\n\t\t\t\n\t\t<\/div>\n\t\t\t\t\t\t<\/div>\n\t\t\t\t<\/div>\n\t\t\t\t\t<\/div>\n\t\t<\/div>\n\t\t\t\t<div class=\"elementor-column elementor-col-50 elementor-top-column elementor-element elementor-element-4f121e8 column-style-top\" data-id=\"4f121e8\" data-element_type=\"column\">\n\t\t\t<div class=\"elementor-widget-wrap elementor-element-populated\">\n\t\t\t\t\t\t<div class=\"elementor-element elementor-element-ffac92e elementor-position-left elementor-view-default elementor-mobile-position-top elementor-widget elementor-widget-icon-box\" data-id=\"ffac92e\" data-element_type=\"widget\" data-widget_type=\"icon-box.default\">\n\t\t\t\t<div class=\"elementor-widget-container\">\n\t\t\t\t\t\t\t<div class=\"elementor-icon-box-wrapper\">\n\n\t\t\t\t\t\t<div class=\"elementor-icon-box-icon\">\n\t\t\t\t<span  class=\"elementor-icon\">\n\t\t\t\t<i aria-hidden=\"true\" class=\"fi flaticon-handshake\"><\/i>\t\t\t\t<\/span>\n\t\t\t<\/div>\n\t\t\t\n\t\t\t\t\t\t<div class=\"elementor-icon-box-content\">\n\n\t\t\t\t\t\t\t\t\t<h3 class=\"elementor-icon-box-title\">\n\t\t\t\t\t\t<span  >\n\t\t\t\t\t\t\tPartner\u00ebt\t\t\t\t\t\t<\/span>\n\t\t\t\t\t<\/h3>\n\t\t\t\t\n\t\t\t\t\t\t\t\t\t<p class=\"elementor-icon-box-description\">\n\t\t\t\t\t\tProjekti zbatohet nga Fondacioni p\u00ebr Zhvillimin e Arsimit dhe Kultur\u00ebs Albiz n\u00eb partneritet me Omnium Coaching &amp; Training dhe Dauti Komerc\t\t\t\t\t<\/p>\n\t\t\t\t\n\t\t\t<\/div>\n\t\t\t\n\t\t<\/div>\n\t\t\t\t\t\t<\/div>\n\t\t\t\t<\/div>\n\t\t\t\t<div class=\"elementor-element elementor-element-2cb6d6f elementor-widget elementor-widget-image-carousel\" data-id=\"2cb6d6f\" data-element_type=\"widget\" data-settings=\"{&quot;slides_to_show&quot;:&quot;3&quot;,&quot;navigation&quot;:&quot;none&quot;,&quot;autoplay&quot;:&quot;yes&quot;,&quot;pause_on_hover&quot;:&quot;yes&quot;,&quot;pause_on_interaction&quot;:&quot;yes&quot;,&quot;autoplay_speed&quot;:5000,&quot;infinite&quot;:&quot;yes&quot;,&quot;speed&quot;:500}\" data-widget_type=\"image-carousel.default\">\n\t\t\t\t<div class=\"elementor-widget-container\">\n\t\t\t\t\t\t\t<div class=\"elementor-image-carousel-wrapper swiper\" role=\"region\" aria-roledescription=\"carousel\" aria-label=\"Image Carousel\" dir=\"ltr\">\n\t\t\t<div class=\"elementor-image-carousel swiper-wrapper\" aria-live=\"off\">\n\t\t\t\t\t\t\t\t<div class=\"swiper-slide\" role=\"group\" aria-roledescription=\"slide\" aria-label=\"1 of 3\"><figure class=\"swiper-slide-inner\"><img decoding=\"async\" class=\"swiper-slide-image\" src=\"https:\/\/siic.albiz.org.mk\/wp-content\/uploads\/2022\/05\/Albiz-Llogo_ikona-180x180.png\" alt=\"Albiz-Llogo_ikona\" \/><\/figure><\/div><div class=\"swiper-slide\" role=\"group\" aria-roledescription=\"slide\" aria-label=\"2 of 3\"><figure class=\"swiper-slide-inner\"><img decoding=\"async\" class=\"swiper-slide-image\" src=\"https:\/\/siic.albiz.org.mk\/wp-content\/uploads\/2022\/05\/OMNIum-180x180.jpg\" alt=\"OMNIum\" \/><\/figure><\/div><div class=\"swiper-slide\" role=\"group\" aria-roledescription=\"slide\" aria-label=\"3 of 3\"><figure class=\"swiper-slide-inner\"><img decoding=\"async\" class=\"swiper-slide-image\" src=\"https:\/\/siic.albiz.org.mk\/wp-content\/uploads\/2022\/05\/dauti-180x180.jpg\" alt=\"dauti\" \/><\/figure><\/div>\t\t\t<\/div>\n\t\t\t\t\t\t\t\n\t\t\t\t\t\t\t\t\t<\/div>\n\t\t\t\t\t\t<\/div>\n\t\t\t\t<\/div>\n\t\t\t\t<div class=\"elementor-element elementor-element-80efd2f elementor-widget elementor-widget-spacer\" data-id=\"80efd2f\" data-element_type=\"widget\" data-widget_type=\"spacer.default\">\n\t\t\t\t<div class=\"elementor-widget-container\">\n\t\t\t\t\t\t\t<div class=\"elementor-spacer\">\n\t\t\t<div class=\"elementor-spacer-inner\"><\/div>\n\t\t<\/div>\n\t\t\t\t\t\t<\/div>\n\t\t\t\t<\/div>\n\t\t\t\t\t<\/div>\n\t\t<\/div>\n\t\t\t\t\t<\/div>\n\t\t<\/section>\n\t\t\t\t<section class=\"elementor-section elementor-top-section elementor-element elementor-element-7f3c0d71 elementor-section-boxed elementor-section-height-default elementor-section-height-default\" data-id=\"7f3c0d71\" data-element_type=\"section\" data-settings=\"{&quot;background_background&quot;:&quot;classic&quot;}\">\n\t\t\t\t\t\t<div class=\"elementor-container elementor-column-gap-default\">\n\t\t\t\t\t<div class=\"elementor-column elementor-col-100 elementor-top-column elementor-element elementor-element-b1c137e column-style-top\" data-id=\"b1c137e\" data-element_type=\"column\">\n\t\t\t<div class=\"elementor-widget-wrap elementor-element-populated\">\n\t\t\t\t\t\t<div class=\"elementor-element elementor-element-36a7ac02 elementor-widget elementor-widget-gva-heading-block\" data-id=\"36a7ac02\" data-element_type=\"widget\" data-widget_type=\"gva-heading-block.default\">\n\t\t\t\t<div class=\"elementor-widget-container\">\n\t\t\t\t\t<div class=\"gva-element-gva-heading-block gva-element\">   <div class=\"align-center style-1 widget gsc-heading box-align-left\">\r\n      <div class=\"content-inner\">\r\n         \r\n                  \r\n                     <div class=\"clearfix\"><div class=\"sub-title \"><span>Bashk\u00eb mundemi<\/span><\/div><\/div>\r\n           \r\n         \r\n                     <h2 class=\"title\">\r\n               <span>Si t\u00eb zhvillohet nga iniciativat n\u00eb nivel lokal?\n<\/span>\r\n            <\/h2>\r\n                  \r\n                     <div class=\"heading-action\">\r\n                       <a href=\"https:\/\/siic.albiz.org.mk\/sq\/propozo-projekt\/\" class=\"btn-cta btn-theme-2 \">\r\n          <span>Propozo Projekt<\/span>\r\n        <\/a>\r\n\r\n                    <\/div>\r\n         \r\n      <\/div>\r\n   <\/div>\r\n   <div class=\"clearfix\"><\/div>\r\n<\/div>\t\t\t\t<\/div>\n\t\t\t\t<\/div>\n\t\t\t\t\t<\/div>\n\t\t<\/div>\n\t\t\t\t\t<\/div>\n\t\t<\/section>\n\t\t\t\t<\/div>\n\t\t","protected":false},"excerpt":{"rendered":"<p>P\u00ebr ne P\u00ebr projektin Ky program \u00ebsht\u00eb pjes\u00eb e nism\u00ebs s\u00eb USAID-it p\u00ebr Local Works t\u00eb Maqedonis\u00eb s\u00eb Veriut, e cila synon t\u00eb fuqizoj\u00eb aktor\u00ebt lokal\u00eb p\u00ebr t\u00eb marr\u00eb drejtimin [&hellip;]<\/p>\n","protected":false},"author":1,"featured_media":9652,"parent":0,"menu_order":0,"comment_status":"closed","ping_status":"closed","template":"","meta":{"footnotes":""},"class_list":["post-10322","page","type-page","status-publish","has-post-thumbnail","hentry"],"wpcf_dashboard":"<div class=\"woocommerce\"><div class=\"woocommerce-info\">Please log in first? <a class=\"wpneoShowLogin\" href=\"#\">Click here to login<\/a><\/div><div class=\"wpneo_login_form_div\" style=\"display: none;\"><form name=\"loginform\" id=\"loginform\" action=\"https:\/\/siic.albiz.org.mk\/sq\/wp-login.php\" method=\"post\"><p class=\"login-username\">\n\t\t\t\t<label for=\"user_login\">Username or Email Address<\/label>\n\t\t\t\t<input type=\"text\" name=\"log\" id=\"user_login\" autocomplete=\"username\" class=\"input\" value=\"\" size=\"20\" \/>\n\t\t\t<\/p><p class=\"login-password\">\n\t\t\t\t<label for=\"user_pass\">Password<\/label>\n\t\t\t\t<input type=\"password\" name=\"pwd\" id=\"user_pass\" autocomplete=\"current-password\" spellcheck=\"false\" class=\"input\" value=\"\" size=\"20\" \/>\n\t\t\t<\/p><p class=\"login-remember\"><label><input name=\"rememberme\" type=\"checkbox\" id=\"rememberme\" value=\"forever\" \/> Remember Me<\/label><\/p><p class=\"login-submit\">\n\t\t\t\t<input type=\"submit\" name=\"wp-submit\" id=\"wp-submit\" class=\"button button-primary\" value=\"Log In\" \/>\n\t\t\t\t<input type=\"hidden\" name=\"redirect_to\" value=\"https:\/\/siic.albiz.org.mk\/sq\/wp-json\/wp\/v2\/pages\/10322\" \/>\n\t\t\t<\/p><\/form><\/div><\/div>","_links":{"self":[{"href":"https:\/\/siic.albiz.org.mk\/sq\/wp-json\/wp\/v2\/pages\/10322","targetHints":{"allow":["GET"]}}],"collection":[{"href":"https:\/\/siic.albiz.org.mk\/sq\/wp-json\/wp\/v2\/pages"}],"about":[{"href":"https:\/\/siic.albiz.org.mk\/sq\/wp-json\/wp\/v2\/types\/page"}],"author":[{"embeddable":true,"href":"https:\/\/siic.albiz.org.mk\/sq\/wp-json\/wp\/v2\/users\/1"}],"replies":[{"embeddable":true,"href":"https:\/\/siic.albiz.org.mk\/sq\/wp-json\/wp\/v2\/comments?post=10322"}],"version-history":[{"count":61,"href":"https:\/\/siic.albiz.org.mk\/sq\/wp-json\/wp\/v2\/pages\/10322\/revisions"}],"predecessor-version":[{"id":10610,"href":"https:\/\/siic.albiz.org.mk\/sq\/wp-json\/wp\/v2\/pages\/10322\/revisions\/10610"}],"wp:featuredmedia":[{"embeddable":true,"href":"https:\/\/siic.albiz.org.mk\/sq\/wp-json\/wp\/v2\/media\/9652"}],"wp:attachment":[{"href":"https:\/\/siic.albiz.org.mk\/sq\/wp-json\/wp\/v2\/media?parent=10322"}],"curies":[{"name":"wp","href":"https:\/\/api.w.org\/{rel}","templated":true}]}}