{"id":10338,"date":"2022-05-20T16:22:50","date_gmt":"2022-05-20T14:22:50","guid":{"rendered":"https:\/\/siic.albiz.org.mk\/njeri-per-tjetrin\/"},"modified":"2022-10-19T16:12:07","modified_gmt":"2022-10-19T14:12:07","slug":"njeri-per-tjetrin","status":"publish","type":"page","link":"https:\/\/siic.albiz.org.mk\/sq\/njeri-per-tjetrin\/","title":{"rendered":"Nj\u00ebri p\u00ebr tjetrin"},"content":{"rendered":"\t\t<div data-elementor-type=\"wp-page\" data-elementor-id=\"10338\" class=\"elementor elementor-10338 elementor-10070\">\n\t\t\t\t\t\t<section class=\"elementor-section elementor-top-section elementor-element elementor-element-2c74b6de elementor-section-boxed elementor-section-height-default elementor-section-height-default\" data-id=\"2c74b6de\" data-element_type=\"section\">\n\t\t\t\t\t\t<div class=\"elementor-container elementor-column-gap-default\">\n\t\t\t\t\t<div class=\"elementor-column elementor-col-50 elementor-top-column elementor-element elementor-element-48ceafe9 column-style-top\" data-id=\"48ceafe9\" data-element_type=\"column\">\n\t\t\t<div class=\"elementor-widget-wrap elementor-element-populated\">\n\t\t\t\t\t\t<div class=\"elementor-element elementor-element-71f92ad elementor-widget elementor-widget-gva-heading-block\" data-id=\"71f92ad\" data-element_type=\"widget\" data-widget_type=\"gva-heading-block.default\">\n\t\t\t\t<div class=\"elementor-widget-container\">\n\t\t\t\t\t<div class=\"gva-element-gva-heading-block gva-element\">   <div class=\"align-left style-1 widget gsc-heading box-align-left\">\r\n      <div class=\"content-inner\">\r\n         \r\n                  \r\n                     <div class=\"clearfix\"><div class=\"sub-title highlight-dot\"><span>Fushat\u00eb<\/span><\/div><\/div>\r\n           \r\n         \r\n                     <h2 class=\"title\">\r\n               <span>Nj\u00ebri p\u00ebr tjetrin<\/span>\r\n            <\/h2>\r\n                              <div class=\"title-desc\"><p>Fondacioni Albiz n\u00eb kuad\u00ebr t\u00eb projektit e zbaton fushat\u00ebn \u201cNj\u00ebri p\u00ebr tjetrin\u201d.<\/p><p>Fushata ka p\u00ebr q\u00ebllim mobilizimin e kujdesit publik q\u00eb t\u00eb arrihet objektivi shoq\u00ebror te banor\u00ebt e komunave Saraj, Zhelin\u00eb, B\u00ebrvenic\u00eb dhe Tearc\u00eb, por edhe m\u00eb gjer\u00eb.<\/p><\/div>\r\n         \r\n         \r\n      <\/div>\r\n   <\/div>\r\n   <div class=\"clearfix\"><\/div>\r\n<\/div>\t\t\t\t<\/div>\n\t\t\t\t<\/div>\n\t\t\t\t<div class=\"elementor-element elementor-element-4b7e7083 elementor-view-stacked elementor-shape-square elementor-position-left icon-color-theme elementor-mobile-position-top elementor-widget elementor-widget-icon-box\" data-id=\"4b7e7083\" data-element_type=\"widget\" data-widget_type=\"icon-box.default\">\n\t\t\t\t<div class=\"elementor-widget-container\">\n\t\t\t\t\t\t\t<div class=\"elementor-icon-box-wrapper\">\n\n\t\t\t\t\t\t<div class=\"elementor-icon-box-icon\">\n\t\t\t\t<span  class=\"elementor-icon\">\n\t\t\t\t<i aria-hidden=\"true\" class=\"fi flaticon-checkmark\"><\/i>\t\t\t\t<\/span>\n\t\t\t<\/div>\n\t\t\t\n\t\t\t\t\t\t<div class=\"elementor-icon-box-content\">\n\n\t\t\t\t\t\t\t\t\t<h3 class=\"elementor-icon-box-title\">\n\t\t\t\t\t\t<span  >\n\t\t\t\t\t\t\tT\u00eb gjith\u00eb mund t\u00eb kontribuojn\u00eb\t\t\t\t\t\t<\/span>\n\t\t\t\t\t<\/h3>\n\t\t\t\t\n\t\t\t\t\t\t\t\t\t<p class=\"elementor-icon-box-description\">\n\t\t\t\t\t\tFushata do t\u00eb ndihmoj\u00eb t\u00eb tregoj\u00eb se nuk \u00ebsht\u00eb vet\u00ebm komuna ose pushtetit qendror, t\u00eb cilat kujdesen p\u00ebr problemet n\u00eb komunitet, por edhe individi, an\u00ebtar\u00ebt e bashk\u00ebsive lokale, aktivist\u00ebt e organizatave qytetare, sektori afarist. Fushat\u00eb e suksesshme \u00ebsht\u00eb ajo ku bashk\u00ebrish, t\u00eb gjith\u00eb pal\u00ebt e p\u00ebrfshira do t\u00eb kontribuojn\u00eb p\u00ebr zgjidhjen e nj\u00eb problemi t\u00eb caktuar n\u00eb komunitet. \u0423\u0441\u043f\u0435\u0448\u043d\u0430 \u043a\u0430\u043c\u043f\u0430\u045a\u0430 \u0435 \u043e\u043d\u0430\u0430 \u043a\u0430\u0434\u0435 \u0437\u0430\u0435\u0434\u043d\u0438\u0447\u043a\u0438, \u0441\u0438\u0442\u0435 \u0432\u043a\u043b\u0443\u0447\u0435\u043d\u0438 \u0441\u0442\u0440\u0430\u043d\u0438 \u045c\u0435 \u043f\u0440\u0438\u0434\u043e\u043d\u0435\u0441\u0430\u0442 \u0437\u0430 \u0440\u0435\u0448\u0430\u0432\u0430\u045a\u0435 \u043d\u0430 \u043e\u0434\u0440\u0435\u0434\u0435\u043d \u043f\u0440\u043e\u0431\u043b\u0435\u043c \u0432\u043e \u0437\u0430\u0435\u0434\u043d\u0438\u0446\u0430\u0442\u0430.\t\t\t\t\t<\/p>\n\t\t\t\t\n\t\t\t<\/div>\n\t\t\t\n\t\t<\/div>\n\t\t\t\t\t\t<\/div>\n\t\t\t\t<\/div>\n\t\t\t\t<div class=\"elementor-element elementor-element-301bf6b elementor-view-stacked elementor-shape-square elementor-position-left icon-color-theme elementor-mobile-position-top elementor-widget elementor-widget-icon-box\" data-id=\"301bf6b\" data-element_type=\"widget\" data-widget_type=\"icon-box.default\">\n\t\t\t\t<div class=\"elementor-widget-container\">\n\t\t\t\t\t\t\t<div class=\"elementor-icon-box-wrapper\">\n\n\t\t\t\t\t\t<div class=\"elementor-icon-box-icon\">\n\t\t\t\t<span  class=\"elementor-icon\">\n\t\t\t\t<i aria-hidden=\"true\" class=\"fi flaticon-checkmark\"><\/i>\t\t\t\t<\/span>\n\t\t\t<\/div>\n\t\t\t\n\t\t\t\t\t\t<div class=\"elementor-icon-box-content\">\n\n\t\t\t\t\t\t\t\t\t<h3 class=\"elementor-icon-box-title\">\n\t\t\t\t\t\t<span  >\n\t\t\t\t\t\t\tQytetar\u00ebt t\u00eb flasin dhe t\u00eb veprojn\u00eb\t\t\t\t\t\t<\/span>\n\t\t\t\t\t<\/h3>\n\t\t\t\t\n\t\t\t\t\t\t\t\t\t<p class=\"elementor-icon-box-description\">\n\t\t\t\t\t\tFushata \u201cNj\u00ebri p\u00ebr tjetrin\u201d jo vet\u00ebm qo do ta edukoj\u00eb publikun, por edhe do t\u2019i motivoj\u00eb qytetar\u00ebt t\u00eb flasin dhe t\u00eb veprojn\u00eb n\u00eb mb\u00ebshtetje t\u00eb zgjidhjes s\u00eb problemeve n\u00eb komunitet.\t\t\t\t\t<\/p>\n\t\t\t\t\n\t\t\t<\/div>\n\t\t\t\n\t\t<\/div>\n\t\t\t\t\t\t<\/div>\n\t\t\t\t<\/div>\n\t\t\t\t\t<\/div>\n\t\t<\/div>\n\t\t\t\t<div class=\"elementor-column elementor-col-50 elementor-top-column elementor-element elementor-element-36bdd038 column-style-top\" data-id=\"36bdd038\" data-element_type=\"column\">\n\t\t\t<div class=\"elementor-widget-wrap elementor-element-populated\">\n\t\t\t\t\t\t<div class=\"elementor-element elementor-element-69b29e07 elementor-widget elementor-widget-gva-image-content\" data-id=\"69b29e07\" data-element_type=\"widget\" data-widget_type=\"gva-image-content.default\">\n\t\t\t\t<div class=\"elementor-widget-container\">\n\t\t\t\t\t<div class=\"gva-element-gva-image-content gva-element\">      \r\n     \r\n    \r\n    \r\n\r\n   \r\n  <div class=\"gsc-image-content skin-v4\">\r\n          <div class=\"image\">\r\n                  <a href=\"https:\/\/siic.albiz.org.mk\/wp-content\/uploads\/2022\/05\/SIIC_Slogan.pdf\" target=\"_blank\">\r\n          <img fetchpriority=\"high\" decoding=\"async\" width=\"1111\" height=\"1111\" src=\"https:\/\/siic.albiz.org.mk\/wp-content\/uploads\/2022\/05\/SIIC_Slogan_ALB_.jpg\" class=\"attachment-full size-full wp-image-10279\" alt=\"\" srcset=\"https:\/\/siic.albiz.org.mk\/wp-content\/uploads\/2022\/05\/SIIC_Slogan_ALB_.jpg 1111w, https:\/\/siic.albiz.org.mk\/wp-content\/uploads\/2022\/05\/SIIC_Slogan_ALB_-600x600.jpg 600w, https:\/\/siic.albiz.org.mk\/wp-content\/uploads\/2022\/05\/SIIC_Slogan_ALB_-1024x1024.jpg 1024w, https:\/\/siic.albiz.org.mk\/wp-content\/uploads\/2022\/05\/SIIC_Slogan_ALB_-180x180.jpg 180w, https:\/\/siic.albiz.org.mk\/wp-content\/uploads\/2022\/05\/SIIC_Slogan_ALB_-768x768.jpg 768w, https:\/\/siic.albiz.org.mk\/wp-content\/uploads\/2022\/05\/SIIC_Slogan_ALB_-300x300.jpg 300w\" sizes=\"(max-width: 1111px) 100vw, 1111px\" \/>        <\/a>\r\n              <\/div>\r\n        <div class=\"box-content\">\r\n               <h2 class=\"title\">\r\n                    <a href=\"https:\/\/siic.albiz.org.mk\/wp-content\/uploads\/2022\/05\/SIIC_Slogan.pdf\" target=\"_blank\">\r\n          Nj\u00ebri p\u00ebr tjetrin\u200b        <\/a>\r\n                 <\/h2>\r\n            <div class=\"desc\"><\/div>\r\n              <div class=\"read-more\">\r\n                  <a href=\"https:\/\/siic.albiz.org.mk\/wp-content\/uploads\/2022\/05\/SIIC_Slogan.pdf\" class=\"btn-theme btn-small\" target=\"_blank\">\r\n          <span>llogo<\/span>        <\/a>\r\n                <\/div>\r\n          <\/div>  \r\n  <\/div>\r\n <\/div>\t\t\t\t<\/div>\n\t\t\t\t<\/div>\n\t\t\t\t\t<\/div>\n\t\t<\/div>\n\t\t\t\t\t<\/div>\n\t\t<\/section>\n\t\t\t\t<section class=\"elementor-section elementor-top-section elementor-element elementor-element-5569d2db elementor-section-boxed elementor-section-height-default elementor-section-height-default\" data-id=\"5569d2db\" data-element_type=\"section\" data-settings=\"{&quot;background_background&quot;:&quot;classic&quot;}\">\n\t\t\t\t\t\t<div class=\"elementor-container elementor-column-gap-default\">\n\t\t\t\t\t<div class=\"elementor-column elementor-col-100 elementor-top-column elementor-element elementor-element-637234c1 column-style-top\" data-id=\"637234c1\" data-element_type=\"column\">\n\t\t\t<div class=\"elementor-widget-wrap elementor-element-populated\">\n\t\t\t\t\t\t<div class=\"elementor-element elementor-element-50d0a593 elementor-widget elementor-widget-gva-heading-block\" data-id=\"50d0a593\" data-element_type=\"widget\" data-widget_type=\"gva-heading-block.default\">\n\t\t\t\t<div class=\"elementor-widget-container\">\n\t\t\t\t\t<div class=\"gva-element-gva-heading-block gva-element\">   <div class=\"align-center style-1 widget gsc-heading box-align-left\">\r\n      <div class=\"content-inner\">\r\n         \r\n                  \r\n                     <div class=\"clearfix\"><div class=\"sub-title \"><span>Filloni nj\u00eb projekt<\/span><\/div><\/div>\r\n           \r\n         \r\n                     <h2 class=\"title\">\r\n               <span>Tregoni historin\u00eb tuaj dhe shpjegoni iden\u00eb\/projektin tuaj<\/span>\r\n            <\/h2>\r\n                  \r\n                     <div class=\"heading-action\">\r\n                       <a href=\"https:\/\/siic.albiz.org.mk\/%d0%b8%d0%bd%d0%b8%d1%86%d0%b8%d1%80%d0%b0%d1%98-%d0%bf%d1%80%d0%be%d0%b5%d0%ba%d1%82\/\" class=\"btn-cta btn-theme-2 \">\r\n          <span>Filloni nj\u00eb projekt<\/span>\r\n        <\/a>\r\n\r\n                    <\/div>\r\n         \r\n      <\/div>\r\n   <\/div>\r\n   <div class=\"clearfix\"><\/div>\r\n<\/div>\t\t\t\t<\/div>\n\t\t\t\t<\/div>\n\t\t\t\t\t<\/div>\n\t\t<\/div>\n\t\t\t\t\t<\/div>\n\t\t<\/section>\n\t\t\t\t<\/div>\n\t\t","protected":false},"excerpt":{"rendered":"<p>Fushat\u00eb Nj\u00ebri p\u00ebr tjetrin Fondacioni Albiz n\u00eb kuad\u00ebr t\u00eb projektit e zbaton fushat\u00ebn \u201cNj\u00ebri p\u00ebr tjetrin\u201d. Fushata ka p\u00ebr q\u00ebllim mobilizimin e kujdesit publik q\u00eb t\u00eb arrihet objektivi shoq\u00ebror te [&hellip;]<\/p>\n","protected":false},"author":1,"featured_media":10275,"parent":0,"menu_order":0,"comment_status":"closed","ping_status":"closed","template":"","meta":{"footnotes":""},"class_list":["post-10338","page","type-page","status-publish","has-post-thumbnail","hentry"],"wpcf_dashboard":"<div class=\"woocommerce\"><div class=\"woocommerce-info\">Please log in first? <a class=\"wpneoShowLogin\" href=\"#\">Click here to login<\/a><\/div><div class=\"wpneo_login_form_div\" style=\"display: none;\"><form name=\"loginform\" id=\"loginform\" action=\"https:\/\/siic.albiz.org.mk\/sq\/wp-login.php\" method=\"post\"><p class=\"login-username\">\n\t\t\t\t<label for=\"user_login\">Username or Email Address<\/label>\n\t\t\t\t<input type=\"text\" name=\"log\" id=\"user_login\" autocomplete=\"username\" class=\"input\" value=\"\" size=\"20\" \/>\n\t\t\t<\/p><p class=\"login-password\">\n\t\t\t\t<label for=\"user_pass\">Password<\/label>\n\t\t\t\t<input type=\"password\" name=\"pwd\" id=\"user_pass\" autocomplete=\"current-password\" spellcheck=\"false\" class=\"input\" value=\"\" size=\"20\" \/>\n\t\t\t<\/p><p class=\"login-remember\"><label><input name=\"rememberme\" type=\"checkbox\" id=\"rememberme\" value=\"forever\" \/> Remember Me<\/label><\/p><p class=\"login-submit\">\n\t\t\t\t<input type=\"submit\" name=\"wp-submit\" id=\"wp-submit\" class=\"button button-primary\" value=\"Log In\" \/>\n\t\t\t\t<input type=\"hidden\" name=\"redirect_to\" value=\"https:\/\/siic.albiz.org.mk\/sq\/wp-json\/wp\/v2\/pages\/10338\" \/>\n\t\t\t<\/p><\/form><\/div><\/div>","_links":{"self":[{"href":"https:\/\/siic.albiz.org.mk\/sq\/wp-json\/wp\/v2\/pages\/10338","targetHints":{"allow":["GET"]}}],"collection":[{"href":"https:\/\/siic.albiz.org.mk\/sq\/wp-json\/wp\/v2\/pages"}],"about":[{"href":"https:\/\/siic.albiz.org.mk\/sq\/wp-json\/wp\/v2\/types\/page"}],"author":[{"embeddable":true,"href":"https:\/\/siic.albiz.org.mk\/sq\/wp-json\/wp\/v2\/users\/1"}],"replies":[{"embeddable":true,"href":"https:\/\/siic.albiz.org.mk\/sq\/wp-json\/wp\/v2\/comments?post=10338"}],"version-history":[{"count":7,"href":"https:\/\/siic.albiz.org.mk\/sq\/wp-json\/wp\/v2\/pages\/10338\/revisions"}],"predecessor-version":[{"id":10460,"href":"https:\/\/siic.albiz.org.mk\/sq\/wp-json\/wp\/v2\/pages\/10338\/revisions\/10460"}],"wp:featuredmedia":[{"embeddable":true,"href":"https:\/\/siic.albiz.org.mk\/sq\/wp-json\/wp\/v2\/media\/10275"}],"wp:attachment":[{"href":"https:\/\/siic.albiz.org.mk\/sq\/wp-json\/wp\/v2\/media?parent=10338"}],"curies":[{"name":"wp","href":"https:\/\/api.w.org\/{rel}","templated":true}]}}