{"id":10345,"date":"2022-05-20T16:26:21","date_gmt":"2022-05-20T14:26:21","guid":{"rendered":"https:\/\/siic.albiz.org.mk\/si-te-dhuroj\/"},"modified":"2022-10-04T15:39:12","modified_gmt":"2022-10-04T13:39:12","slug":"si-te-dhuroj","status":"publish","type":"page","link":"https:\/\/siic.albiz.org.mk\/sq\/si-te-dhuroj\/","title":{"rendered":"Si t\u00eb dhuroj"},"content":{"rendered":"\t\t<div data-elementor-type=\"wp-page\" data-elementor-id=\"10345\" class=\"elementor elementor-10345 elementor-10076\">\n\t\t\t\t\t\t<section class=\"elementor-section elementor-top-section elementor-element elementor-element-603d7f3d elementor-section-boxed elementor-section-height-default elementor-section-height-default\" data-id=\"603d7f3d\" data-element_type=\"section\">\n\t\t\t\t\t\t<div class=\"elementor-container elementor-column-gap-default\">\n\t\t\t\t\t<div class=\"elementor-column elementor-col-50 elementor-top-column elementor-element elementor-element-5899274a column-style-top\" data-id=\"5899274a\" data-element_type=\"column\">\n\t\t\t<div class=\"elementor-widget-wrap elementor-element-populated\">\n\t\t\t\t\t\t<div class=\"elementor-element elementor-element-7032288 elementor-widget elementor-widget-gva-list-number\" data-id=\"7032288\" data-element_type=\"widget\" data-widget_type=\"gva-list-number.default\">\n\t\t\t\t<div class=\"elementor-widget-container\">\n\t\t\t\t\t<div class=\"gva-element-gva-list-number gva-element\">\r\n<div class=\"gva-list-number style-1\">\r\n   <ul class=\"list-number\">\r\n               <li class=\"list-number-item\">\r\n            <div class=\"content-inner\">\r\n               <div class=\"content-top\">\r\n                  <div class=\"number\">\r\n                     <span>\r\n                     01                      <svg enable-background=\"new 0 0 64 64\" height=\"512\" viewBox=\"0 0 64 64\" width=\"512\" xmlns=\"http:\/\/www.w3.org\/2000\/svg\"><path d=\"m37.379 12.552c-.799-.761-2.066-.731-2.827.069-.762.8-.73 2.066.069 2.828l15.342 14.551h-39.963c-1.104 0-2 .896-2 2s.896 2 2 2h39.899l-15.278 14.552c-.8.762-.831 2.028-.069 2.828.393.412.92.62 1.448.62.496 0 .992-.183 1.379-.552l17.449-16.62c.756-.755 1.172-1.759 1.172-2.828s-.416-2.073-1.207-2.862z\"\/><\/svg>\r\n                     <\/span>\r\n                  <\/div>\r\n                  <h3 class=\"title\">zgjedh iniciativ\u00ebn<\/h3>\r\n               <\/div>\r\n                                 <div class=\"descrption\">zgjidhni iniciativ\u00ebn sipas pik\u00ebpamjeve tuaja, duke zgjedhur sipas komun\u00ebs ose sipas kategoris\u00eb<\/div>\r\n                           <\/div>   \r\n         <\/li>\r\n               <li class=\"list-number-item\">\r\n            <div class=\"content-inner\">\r\n               <div class=\"content-top\">\r\n                  <div class=\"number\">\r\n                     <span>\r\n                     02                      <svg enable-background=\"new 0 0 64 64\" height=\"512\" viewBox=\"0 0 64 64\" width=\"512\" xmlns=\"http:\/\/www.w3.org\/2000\/svg\"><path d=\"m37.379 12.552c-.799-.761-2.066-.731-2.827.069-.762.8-.73 2.066.069 2.828l15.342 14.551h-39.963c-1.104 0-2 .896-2 2s.896 2 2 2h39.899l-15.278 14.552c-.8.762-.831 2.028-.069 2.828.393.412.92.62 1.448.62.496 0 .992-.183 1.379-.552l17.449-16.62c.756-.755 1.172-1.759 1.172-2.828s-.416-2.073-1.207-2.862z\"\/><\/svg>\r\n                     <\/span>\r\n                  <\/div>\r\n                  <h3 class=\"title\">zgjedh vler\u00ebn<\/h3>\r\n               <\/div>\r\n                                 <div class=\"descrption\">zgjidhni vler\u00ebn t\u00eb cil\u00ebn d\u00ebshironi ta dhuroni dhe klikoni n\u00eb butonin Dhuro<\/div>\r\n                           <\/div>   \r\n         <\/li>\r\n               <li class=\"list-number-item\">\r\n            <div class=\"content-inner\">\r\n               <div class=\"content-top\">\r\n                  <div class=\"number\">\r\n                     <span>\r\n                     03                      <svg enable-background=\"new 0 0 64 64\" height=\"512\" viewBox=\"0 0 64 64\" width=\"512\" xmlns=\"http:\/\/www.w3.org\/2000\/svg\"><path d=\"m37.379 12.552c-.799-.761-2.066-.731-2.827.069-.762.8-.73 2.066.069 2.828l15.342 14.551h-39.963c-1.104 0-2 .896-2 2s.896 2 2 2h39.899l-15.278 14.552c-.8.762-.831 2.028-.069 2.828.393.412.92.62 1.448.62.496 0 .992-.183 1.379-.552l17.449-16.62c.756-.755 1.172-1.759 1.172-2.828s-.416-2.073-1.207-2.862z\"\/><\/svg>\r\n                     <\/span>\r\n                  <\/div>\r\n                  <h3 class=\"title\">regjistroni t\u00eb dh\u00ebnat p\u00ebr ju<\/h3>\r\n               <\/div>\r\n                                 <div class=\"descrption\">regjistroni t\u00eb dh\u00ebnat p\u00ebr ju ose p\u00ebr kompanin\u00eb n\u00eb em\u00ebr t\u00eb kujt dhuroni<\/div>\r\n                           <\/div>   \r\n         <\/li>\r\n               <li class=\"list-number-item\">\r\n            <div class=\"content-inner\">\r\n               <div class=\"content-top\">\r\n                  <div class=\"number\">\r\n                     <span>\r\n                     04                      <svg enable-background=\"new 0 0 64 64\" height=\"512\" viewBox=\"0 0 64 64\" width=\"512\" xmlns=\"http:\/\/www.w3.org\/2000\/svg\"><path d=\"m37.379 12.552c-.799-.761-2.066-.731-2.827.069-.762.8-.73 2.066.069 2.828l15.342 14.551h-39.963c-1.104 0-2 .896-2 2s.896 2 2 2h39.899l-15.278 14.552c-.8.762-.831 2.028-.069 2.828.393.412.92.62 1.448.62.496 0 .992-.183 1.379-.552l17.449-16.62c.756-.755 1.172-1.759 1.172-2.828s-.416-2.073-1.207-2.862z\"\/><\/svg>\r\n                     <\/span>\r\n                  <\/div>\r\n                  <h3 class=\"title\">regjistroni t\u00eb dh\u00ebnat e kartel\u00ebs suaj p\u00ebr pages\u00eb<\/h3>\r\n               <\/div>\r\n                                 <div class=\"descrption\">regjistroni t\u00eb dh\u00ebnat e kartel\u00ebs suaj p\u00ebr pages\u00eb dhe klikoni n\u00eb butonin Regjistro<\/div>\r\n                           <\/div>   \r\n         <\/li>\r\n         <\/ul>  \r\n    \r\n<\/div>\r\n  <\/div>\t\t\t\t<\/div>\n\t\t\t\t<\/div>\n\t\t\t\t\t<\/div>\n\t\t<\/div>\n\t\t\t\t<div class=\"elementor-column elementor-col-50 elementor-top-column elementor-element elementor-element-65de51d column-style-top\" data-id=\"65de51d\" data-element_type=\"column\">\n\t\t\t<div class=\"elementor-widget-wrap elementor-element-populated\">\n\t\t\t\t\t\t<div class=\"elementor-element elementor-element-1da45de elementor-widget elementor-widget-gva-image-content\" data-id=\"1da45de\" data-element_type=\"widget\" data-widget_type=\"gva-image-content.default\">\n\t\t\t\t<div class=\"elementor-widget-container\">\n\t\t\t\t\t<div class=\"gva-element-gva-image-content gva-element\">      \r\n     \r\n    \r\n    \r\n\r\n         <div class=\"gsc-image-content skin-v3\">\r\n                     <div class=\"image\">\r\n                  <img fetchpriority=\"high\" decoding=\"async\" width=\"2560\" height=\"1707\" src=\"https:\/\/siic.albiz.org.mk\/wp-content\/uploads\/2022\/05\/pexels-fox-1595391-scaled.jpg\" class=\"attachment-full size-full wp-image-10315\" alt=\"\" srcset=\"https:\/\/siic.albiz.org.mk\/wp-content\/uploads\/2022\/05\/pexels-fox-1595391-scaled.jpg 2560w, https:\/\/siic.albiz.org.mk\/wp-content\/uploads\/2022\/05\/pexels-fox-1595391-1024x683.jpg 1024w, https:\/\/siic.albiz.org.mk\/wp-content\/uploads\/2022\/05\/pexels-fox-1595391-768x512.jpg 768w, https:\/\/siic.albiz.org.mk\/wp-content\/uploads\/2022\/05\/pexels-fox-1595391-600x400.jpg 600w\" sizes=\"(max-width: 2560px) 100vw, 2560px\" \/>            <\/div>\r\n                  <div class=\"box-content\">\r\n                          <h2 class=\"title\">\r\n                T\u00eb gjith\u00eb mund t\u00eb kontribuojn\u00eb              <\/h2>\r\n                        <div class=\"desc\"><\/div>\r\n         <\/div>  \r\n      <\/div>\r\n\r\n <\/div>\t\t\t\t<\/div>\n\t\t\t\t<\/div>\n\t\t\t\t\t<\/div>\n\t\t<\/div>\n\t\t\t\t\t<\/div>\n\t\t<\/section>\n\t\t\t\t<\/div>\n\t\t","protected":false},"excerpt":{"rendered":"<p>01 zgjedh iniciativ\u00ebn zgjidhni iniciativ\u00ebn sipas pik\u00ebpamjeve tuaja, duke zgjedhur sipas komun\u00ebs ose sipas kategoris\u00eb 02 zgjedh vler\u00ebn zgjidhni vler\u00ebn t\u00eb cil\u00ebn d\u00ebshironi ta dhuroni dhe klikoni n\u00eb butonin Dhuro [&hellip;]<\/p>\n","protected":false},"author":1,"featured_media":0,"parent":0,"menu_order":0,"comment_status":"closed","ping_status":"closed","template":"","meta":{"footnotes":""},"class_list":["post-10345","page","type-page","status-publish","hentry"],"wpcf_dashboard":"<div class=\"woocommerce\"><div class=\"woocommerce-info\">Please log in first? <a class=\"wpneoShowLogin\" href=\"#\">Click here to login<\/a><\/div><div class=\"wpneo_login_form_div\" style=\"display: none;\"><form name=\"loginform\" id=\"loginform\" action=\"https:\/\/siic.albiz.org.mk\/sq\/wp-login.php\" method=\"post\"><p class=\"login-username\">\n\t\t\t\t<label for=\"user_login\">Username or Email Address<\/label>\n\t\t\t\t<input type=\"text\" name=\"log\" id=\"user_login\" autocomplete=\"username\" class=\"input\" value=\"\" size=\"20\" \/>\n\t\t\t<\/p><p class=\"login-password\">\n\t\t\t\t<label for=\"user_pass\">Password<\/label>\n\t\t\t\t<input type=\"password\" name=\"pwd\" id=\"user_pass\" autocomplete=\"current-password\" spellcheck=\"false\" class=\"input\" value=\"\" size=\"20\" \/>\n\t\t\t<\/p><p class=\"login-remember\"><label><input name=\"rememberme\" type=\"checkbox\" id=\"rememberme\" value=\"forever\" \/> Remember Me<\/label><\/p><p class=\"login-submit\">\n\t\t\t\t<input type=\"submit\" name=\"wp-submit\" id=\"wp-submit\" class=\"button button-primary\" value=\"Log In\" \/>\n\t\t\t\t<input type=\"hidden\" name=\"redirect_to\" value=\"https:\/\/siic.albiz.org.mk\/sq\/wp-json\/wp\/v2\/pages\/10345\" \/>\n\t\t\t<\/p><\/form><\/div><\/div>","_links":{"self":[{"href":"https:\/\/siic.albiz.org.mk\/sq\/wp-json\/wp\/v2\/pages\/10345","targetHints":{"allow":["GET"]}}],"collection":[{"href":"https:\/\/siic.albiz.org.mk\/sq\/wp-json\/wp\/v2\/pages"}],"about":[{"href":"https:\/\/siic.albiz.org.mk\/sq\/wp-json\/wp\/v2\/types\/page"}],"author":[{"embeddable":true,"href":"https:\/\/siic.albiz.org.mk\/sq\/wp-json\/wp\/v2\/users\/1"}],"replies":[{"embeddable":true,"href":"https:\/\/siic.albiz.org.mk\/sq\/wp-json\/wp\/v2\/comments?post=10345"}],"version-history":[{"count":4,"href":"https:\/\/siic.albiz.org.mk\/sq\/wp-json\/wp\/v2\/pages\/10345\/revisions"}],"predecessor-version":[{"id":10349,"href":"https:\/\/siic.albiz.org.mk\/sq\/wp-json\/wp\/v2\/pages\/10345\/revisions\/10349"}],"wp:attachment":[{"href":"https:\/\/siic.albiz.org.mk\/sq\/wp-json\/wp\/v2\/media?parent=10345"}],"curies":[{"name":"wp","href":"https:\/\/api.w.org\/{rel}","templated":true}]}}