{"id":10350,"date":"2022-05-20T16:27:35","date_gmt":"2022-05-20T14:27:35","guid":{"rendered":"https:\/\/siic.albiz.org.mk\/propozo-projekt\/"},"modified":"2022-10-04T15:46:46","modified_gmt":"2022-10-04T13:46:46","slug":"propozo-projekt","status":"publish","type":"page","link":"https:\/\/siic.albiz.org.mk\/sq\/propozo-projekt\/","title":{"rendered":"Propozo projekt"},"content":{"rendered":"\t\t<div data-elementor-type=\"wp-page\" data-elementor-id=\"10350\" class=\"elementor elementor-10350 elementor-10082\">\n\t\t\t\t\t\t<section class=\"elementor-section elementor-top-section elementor-element elementor-element-d91fe6c elementor-section-boxed elementor-section-height-default elementor-section-height-default\" data-id=\"d91fe6c\" data-element_type=\"section\">\n\t\t\t\t\t\t<div class=\"elementor-container elementor-column-gap-default\">\n\t\t\t\t\t<div class=\"elementor-column elementor-col-33 elementor-top-column elementor-element elementor-element-7057c2a column-style-top\" data-id=\"7057c2a\" data-element_type=\"column\">\n\t\t\t<div class=\"elementor-widget-wrap elementor-element-populated\">\n\t\t\t\t\t\t<div class=\"elementor-element elementor-element-a02ad27 elementor-widget elementor-widget-image\" data-id=\"a02ad27\" data-element_type=\"widget\" data-widget_type=\"image.default\">\n\t\t\t\t<div class=\"elementor-widget-container\">\n\t\t\t\t\t\t\t\t\t\t\t\t\t\t\t<img fetchpriority=\"high\" decoding=\"async\" width=\"900\" height=\"433\" src=\"https:\/\/siic.albiz.org.mk\/wp-content\/uploads\/2022\/05\/ideja1-1024x493.jpg\" class=\"attachment-large size-large wp-image-10236\" alt=\"\" srcset=\"https:\/\/siic.albiz.org.mk\/wp-content\/uploads\/2022\/05\/ideja1-1024x493.jpg 1024w, https:\/\/siic.albiz.org.mk\/wp-content\/uploads\/2022\/05\/ideja1-768x370.jpg 768w, https:\/\/siic.albiz.org.mk\/wp-content\/uploads\/2022\/05\/ideja1-600x289.jpg 600w, https:\/\/siic.albiz.org.mk\/wp-content\/uploads\/2022\/05\/ideja1.jpg 1116w\" sizes=\"(max-width: 900px) 100vw, 900px\" \/>\t\t\t\t\t\t\t\t\t\t\t\t\t\t\t<\/div>\n\t\t\t\t<\/div>\n\t\t\t\t<div class=\"elementor-element elementor-element-90d4b8e elementor-widget elementor-widget-text-editor\" data-id=\"90d4b8e\" data-element_type=\"widget\" data-widget_type=\"text-editor.default\">\n\t\t\t\t<div class=\"elementor-widget-container\">\n\t\t\t\t\t\t\t\t\t<h3>\u00a0<\/h3><h3>Shtoje iden\u00eb t\u00ebnde<\/h3><p>Krijo faqe t\u00eb ve\u00e7ant\u00eb. Tregoje rr\u00ebfimin t\u00ebnd dhe arsyetoje iden\u00eb\/projektin t\u00ebnd. Pastaj vendosni objektivin (financiar) dhe sa koh\u00eb ju nevojitet q\u00eb ta arrini at\u00eb.<\/p>\t\t\t\t\t\t\t\t<\/div>\n\t\t\t\t<\/div>\n\t\t\t\t\t<\/div>\n\t\t<\/div>\n\t\t\t\t<div class=\"elementor-column elementor-col-33 elementor-top-column elementor-element elementor-element-399d1d2 column-style-top\" data-id=\"399d1d2\" data-element_type=\"column\">\n\t\t\t<div class=\"elementor-widget-wrap elementor-element-populated\">\n\t\t\t\t\t\t<div class=\"elementor-element elementor-element-114baf4 elementor-widget elementor-widget-image\" data-id=\"114baf4\" data-element_type=\"widget\" data-widget_type=\"image.default\">\n\t\t\t\t<div class=\"elementor-widget-container\">\n\t\t\t\t\t\t\t\t\t\t\t\t\t\t\t<img decoding=\"async\" width=\"900\" height=\"433\" src=\"https:\/\/siic.albiz.org.mk\/wp-content\/uploads\/2022\/05\/spread1-1024x493.jpg\" class=\"attachment-large size-large wp-image-10242\" alt=\"\" srcset=\"https:\/\/siic.albiz.org.mk\/wp-content\/uploads\/2022\/05\/spread1-1024x493.jpg 1024w, https:\/\/siic.albiz.org.mk\/wp-content\/uploads\/2022\/05\/spread1-768x370.jpg 768w, https:\/\/siic.albiz.org.mk\/wp-content\/uploads\/2022\/05\/spread1-600x289.jpg 600w, https:\/\/siic.albiz.org.mk\/wp-content\/uploads\/2022\/05\/spread1.jpg 1116w\" sizes=\"(max-width: 900px) 100vw, 900px\" \/>\t\t\t\t\t\t\t\t\t\t\t\t\t\t\t<\/div>\n\t\t\t\t<\/div>\n\t\t\t\t<div class=\"elementor-element elementor-element-f9a7a0d elementor-widget elementor-widget-text-editor\" data-id=\"f9a7a0d\" data-element_type=\"widget\" data-widget_type=\"text-editor.default\">\n\t\t\t\t<div class=\"elementor-widget-container\">\n\t\t\t\t\t\t\t\t\t<h3>\u00a0<\/h3><h3>Shp\u00ebrndaje iden\u00eb<\/h3><p>Shp\u00ebrndaje iden\u00eb te miqt\u00eb, fqinj\u00ebt, aktivist\u00ebt qytetar, bizneset dhe t\u00eb tjer\u00ebt n\u00eb komuniteti tuaj. Tregojuni t\u00eb gjith\u00ebve p\u00ebr projektin tuaj.<\/p>\t\t\t\t\t\t\t\t<\/div>\n\t\t\t\t<\/div>\n\t\t\t\t\t<\/div>\n\t\t<\/div>\n\t\t\t\t<div class=\"elementor-column elementor-col-33 elementor-top-column elementor-element elementor-element-d965872 column-style-top\" data-id=\"d965872\" data-element_type=\"column\">\n\t\t\t<div class=\"elementor-widget-wrap elementor-element-populated\">\n\t\t\t\t\t\t<div class=\"elementor-element elementor-element-aa01883 elementor-widget elementor-widget-image\" data-id=\"aa01883\" data-element_type=\"widget\" data-widget_type=\"image.default\">\n\t\t\t\t<div class=\"elementor-widget-container\">\n\t\t\t\t\t\t\t\t\t\t\t\t\t\t\t<img decoding=\"async\" width=\"900\" height=\"433\" src=\"https:\/\/siic.albiz.org.mk\/wp-content\/uploads\/2022\/05\/donacija2-1024x493.jpg\" class=\"attachment-large size-large wp-image-10239\" alt=\"\" srcset=\"https:\/\/siic.albiz.org.mk\/wp-content\/uploads\/2022\/05\/donacija2-1024x493.jpg 1024w, https:\/\/siic.albiz.org.mk\/wp-content\/uploads\/2022\/05\/donacija2-768x370.jpg 768w, https:\/\/siic.albiz.org.mk\/wp-content\/uploads\/2022\/05\/donacija2-600x289.jpg 600w, https:\/\/siic.albiz.org.mk\/wp-content\/uploads\/2022\/05\/donacija2.jpg 1116w\" sizes=\"(max-width: 900px) 100vw, 900px\" \/>\t\t\t\t\t\t\t\t\t\t\t\t\t\t\t<\/div>\n\t\t\t\t<\/div>\n\t\t\t\t<div class=\"elementor-element elementor-element-c421ec9 elementor-widget elementor-widget-text-editor\" data-id=\"c421ec9\" data-element_type=\"widget\" data-widget_type=\"text-editor.default\">\n\t\t\t\t<div class=\"elementor-widget-container\">\n\t\t\t\t\t\t\t\t\t<h3>\u00a0<\/h3><h3>Fillo me grumbullimin e mjeteve<\/h3><p>Personat t\u00eb cil\u00ebve do t\u2019u p\u00eblqej\u00eb ideja juaj do t\u00eb dhurojn\u00eb mjete q\u00eb projekti t\u00eb ket\u00eb sukses.<\/p>\t\t\t\t\t\t\t\t<\/div>\n\t\t\t\t<\/div>\n\t\t\t\t\t<\/div>\n\t\t<\/div>\n\t\t\t\t\t<\/div>\n\t\t<\/section>\n\t\t\t\t<section class=\"elementor-section elementor-top-section elementor-element elementor-element-312a19a elementor-section-boxed elementor-section-height-default elementor-section-height-default\" data-id=\"312a19a\" data-element_type=\"section\" data-settings=\"{&quot;background_background&quot;:&quot;gradient&quot;}\">\n\t\t\t\t\t\t<div class=\"elementor-container elementor-column-gap-default\">\n\t\t\t\t\t<div class=\"elementor-column elementor-col-100 elementor-top-column elementor-element elementor-element-dd858c6 column-style-top\" data-id=\"dd858c6\" data-element_type=\"column\">\n\t\t\t<div class=\"elementor-widget-wrap elementor-element-populated\">\n\t\t\t\t\t\t<div class=\"elementor-element elementor-element-1185740 elementor-widget elementor-widget-spacer\" data-id=\"1185740\" data-element_type=\"widget\" data-widget_type=\"spacer.default\">\n\t\t\t\t<div class=\"elementor-widget-container\">\n\t\t\t\t\t\t\t<div class=\"elementor-spacer\">\n\t\t\t<div class=\"elementor-spacer-inner\"><\/div>\n\t\t<\/div>\n\t\t\t\t\t\t<\/div>\n\t\t\t\t<\/div>\n\t\t\t\t<div class=\"elementor-element elementor-element-b3250d0 elementor-widget elementor-widget-heading\" data-id=\"b3250d0\" data-element_type=\"widget\" data-widget_type=\"heading.default\">\n\t\t\t\t<div class=\"elementor-widget-container\">\n\t\t\t\t\t<h2 class=\"elementor-heading-title elementor-size-default\">Formulari p\u00ebr publikimin e iniciativ\u00ebs<\/h2>\t\t\t\t<\/div>\n\t\t\t\t<\/div>\n\t\t\t\t<div class=\"elementor-element elementor-element-9f3f716 elementor-widget elementor-widget-shortcode\" data-id=\"9f3f716\" data-element_type=\"widget\" data-widget_type=\"shortcode.default\">\n\t\t\t\t<div class=\"elementor-widget-container\">\n\t\t\t\t\t\t\t<div class=\"elementor-shortcode\">\n<div class=\"wpcf7 no-js\" id=\"wpcf7-f10355-o1\" lang=\"mk-MK\" dir=\"ltr\" data-wpcf7-id=\"10355\">\n<div class=\"screen-reader-response\"><p role=\"status\" aria-live=\"polite\" aria-atomic=\"true\"><\/p> <ul><\/ul><\/div>\n<form action=\"\/sq\/wp-json\/wp\/v2\/pages\/10350#wpcf7-f10355-o1\" method=\"post\" class=\"wpcf7-form init\" aria-label=\"Contact form\" enctype=\"multipart\/form-data\" novalidate=\"novalidate\" data-status=\"init\">\n<fieldset class=\"hidden-fields-container\"><input type=\"hidden\" name=\"_wpcf7\" value=\"10355\" \/><input type=\"hidden\" name=\"_wpcf7_version\" value=\"6.1.2\" \/><input type=\"hidden\" name=\"_wpcf7_locale\" value=\"mk_MK\" \/><input type=\"hidden\" name=\"_wpcf7_unit_tag\" value=\"wpcf7-f10355-o1\" \/><input type=\"hidden\" name=\"_wpcf7_container_post\" value=\"0\" \/><input type=\"hidden\" name=\"_wpcf7_posted_data_hash\" value=\"\" \/>\n<\/fieldset>\n<div class=\"row\">\n   <div class=\"col-sm-12 col-xs-12\"><span class=\"wpcf7-form-control-wrap\" data-name=\"inicijator\"><input size=\"40\" maxlength=\"400\" class=\"wpcf7-form-control wpcf7-text\" aria-invalid=\"false\" placeholder=\"Emri dhe mbiemri i personit\/organizat\u00ebs q\u00eb e publikon iniciativ\u00ebn\" value=\"\" type=\"text\" name=\"inicijator\" \/><\/span> <\/div>\n<\/div>\n<div class=\"row\">\n   <div class=\"col-sm-12 col-xs-12\"><span class=\"wpcf7-form-control-wrap\" data-name=\"bio\"><textarea cols=\"40\" rows=\"6\" maxlength=\"2000\" class=\"wpcf7-form-control wpcf7-textarea\" aria-invalid=\"false\" placeholder=\"Biografi e shkurt\u00ebr e personit\/organizat\u00ebs\" name=\"bio\"><\/textarea><\/span> <\/div>\n<\/div>\n\n<div class=\"row\">\n   <div class=\"col-sm-12 col-xs-12\">Ngarkoje logon (n\u00ebse keni): <span class=\"wpcf7-form-control-wrap\" data-name=\"logo\"><input size=\"40\" class=\"wpcf7-form-control wpcf7-file\" accept=\".gif,.png,.jpg,.jpeg\" aria-invalid=\"false\" type=\"file\" name=\"logo\" \/><\/span><\/div>\n<\/div>\n\n<div class=\"row\">\n   <div class=\"col-sm-6 col-xs-12\"><span class=\"wpcf7-form-control-wrap\" data-name=\"email\"><input size=\"40\" maxlength=\"400\" class=\"wpcf7-form-control wpcf7-email wpcf7-validates-as-required wpcf7-text wpcf7-validates-as-email\" aria-required=\"true\" aria-invalid=\"false\" placeholder=\"Email adresa *\" value=\"\" type=\"email\" name=\"email\" \/><\/span> <\/div>\n   <div class=\"col-sm-6 col-xs-12\"><span class=\"wpcf7-form-control-wrap\" data-name=\"tel\"><input size=\"40\" maxlength=\"400\" class=\"wpcf7-form-control wpcf7-text wpcf7-validates-as-required\" aria-required=\"true\" aria-invalid=\"false\" placeholder=\"Numri i telefonit *\" value=\"\" type=\"text\" name=\"tel\" \/><\/span> <\/div>\n<\/div>\n<div class=\"row\">\n   <div class=\"col-sm-12 col-xs-12\"><span class=\"wpcf7-form-control-wrap\" data-name=\"ime\"><input size=\"40\" maxlength=\"400\" class=\"wpcf7-form-control wpcf7-text\" aria-invalid=\"false\" placeholder=\"Emri i iniciativ\u00ebs\" value=\"\" type=\"text\" name=\"ime\" \/><\/span> <\/div>\n<\/div>\n<div class=\"row\">\n   <div class=\"col-sm-12 col-xs-12\"><span class=\"wpcf7-form-control-wrap\" data-name=\"cel\"><textarea cols=\"40\" rows=\"4\" maxlength=\"2000\" class=\"wpcf7-form-control wpcf7-textarea\" aria-invalid=\"false\" placeholder=\"Q\u00ebllimi i iniciativ\u00ebs\" name=\"cel\"><\/textarea><\/span> <\/div>\n<\/div>\n<div class=\"row\">\n   <div class=\"col-sm-12 col-xs-12\"><span class=\"wpcf7-form-control-wrap\" data-name=\"opis\"><textarea cols=\"40\" rows=\"4\" maxlength=\"2000\" class=\"wpcf7-form-control wpcf7-textarea\" aria-invalid=\"false\" placeholder=\"P\u00ebrshkrim i shkurt\u00ebr i iniciativ\u00ebs\" name=\"opis\"><\/textarea><\/span> <\/div>\n<\/div>\n<div class=\"row\">\n   <div class=\"col-sm-6 col-xs-12\"><span class=\"wpcf7-form-control-wrap\" data-name=\"denari\"><input class=\"wpcf7-form-control wpcf7-number wpcf7-validates-as-required wpcf7-validates-as-number\" aria-required=\"true\" aria-invalid=\"false\" placeholder=\"Sa mjete duhet t\u00eb grumbullohen (n\u00eb denar\u00eb) *\" value=\"\" type=\"number\" name=\"denari\" \/><\/span> <\/div>\n   <div class=\"col-sm-6 col-xs-12\"><span class=\"wpcf7-form-control-wrap\" data-name=\"vreme\"><input size=\"40\" maxlength=\"400\" class=\"wpcf7-form-control wpcf7-text wpcf7-validates-as-required\" aria-required=\"true\" aria-invalid=\"false\" placeholder=\"Sa koh\u00eb ju duhet p\u00ebr t\u2019u grumbulluar mjetet (dit\u00eb ose muaj) *\" value=\"\" type=\"text\" name=\"vreme\" \/><\/span> <\/div>\n<\/div>\n<div class=\"row\">\n   <div class=\"col-sm-12 col-xs-12\">Ngarkoni fotografi n\u00ebse d\u00ebshironi t\u00eb vendoset n\u00eb iniciativ\u00ebn: <span class=\"wpcf7-form-control-wrap\" data-name=\"slika\"><input size=\"40\" class=\"wpcf7-form-control wpcf7-file\" accept=\".gif,.png,.jpg,.jpeg\" aria-invalid=\"false\" type=\"file\" name=\"slika\" \/><\/span><\/div>\n<\/div>\n<div class=\"row\">\n   \n   <div class=\"col-sm-12 col-xs-12 action text-left\"><span class=\"btn-theme-2 form-action\"><input class=\"wpcf7-form-control wpcf7-submit has-spinner\" type=\"submit\" value=\"D\u00ebrgo\" \/><\/span><\/div>\n<\/div><div class=\"wpcf7-response-output\" aria-hidden=\"true\"><\/div>\n<\/form>\n<\/div>\n<\/div>\n\t\t\t\t\t\t<\/div>\n\t\t\t\t<\/div>\n\t\t\t\t\t<\/div>\n\t\t<\/div>\n\t\t\t\t\t<\/div>\n\t\t<\/section>\n\t\t\t\t<\/div>\n\t\t","protected":false},"excerpt":{"rendered":"<p>\u00a0 Shtoje iden\u00eb t\u00ebnde Krijo faqe t\u00eb ve\u00e7ant\u00eb. Tregoje rr\u00ebfimin t\u00ebnd dhe arsyetoje iden\u00eb\/projektin t\u00ebnd. Pastaj vendosni objektivin (financiar) dhe sa koh\u00eb ju nevojitet q\u00eb ta arrini at\u00eb. \u00a0 Shp\u00ebrndaje [&hellip;]<\/p>\n","protected":false},"author":1,"featured_media":0,"parent":0,"menu_order":0,"comment_status":"closed","ping_status":"closed","template":"","meta":{"footnotes":""},"class_list":["post-10350","page","type-page","status-publish","hentry"],"wpcf_dashboard":"<div class=\"woocommerce\"><div class=\"woocommerce-info\">Please log in first? <a class=\"wpneoShowLogin\" href=\"#\">Click here to login<\/a><\/div><div class=\"wpneo_login_form_div\" style=\"display: none;\"><form name=\"loginform\" id=\"loginform\" action=\"https:\/\/siic.albiz.org.mk\/sq\/wp-login.php\" method=\"post\"><p class=\"login-username\">\n\t\t\t\t<label for=\"user_login\">Username or Email Address<\/label>\n\t\t\t\t<input type=\"text\" name=\"log\" id=\"user_login\" autocomplete=\"username\" class=\"input\" value=\"\" size=\"20\" \/>\n\t\t\t<\/p><p class=\"login-password\">\n\t\t\t\t<label for=\"user_pass\">Password<\/label>\n\t\t\t\t<input type=\"password\" name=\"pwd\" id=\"user_pass\" autocomplete=\"current-password\" spellcheck=\"false\" class=\"input\" value=\"\" size=\"20\" \/>\n\t\t\t<\/p><p class=\"login-remember\"><label><input name=\"rememberme\" type=\"checkbox\" id=\"rememberme\" value=\"forever\" \/> Remember Me<\/label><\/p><p class=\"login-submit\">\n\t\t\t\t<input type=\"submit\" name=\"wp-submit\" id=\"wp-submit\" class=\"button button-primary\" value=\"Log In\" \/>\n\t\t\t\t<input type=\"hidden\" name=\"redirect_to\" value=\"https:\/\/siic.albiz.org.mk\/sq\/wp-json\/wp\/v2\/pages\/10350\" \/>\n\t\t\t<\/p><\/form><\/div><\/div>","_links":{"self":[{"href":"https:\/\/siic.albiz.org.mk\/sq\/wp-json\/wp\/v2\/pages\/10350","targetHints":{"allow":["GET"]}}],"collection":[{"href":"https:\/\/siic.albiz.org.mk\/sq\/wp-json\/wp\/v2\/pages"}],"about":[{"href":"https:\/\/siic.albiz.org.mk\/sq\/wp-json\/wp\/v2\/types\/page"}],"author":[{"embeddable":true,"href":"https:\/\/siic.albiz.org.mk\/sq\/wp-json\/wp\/v2\/users\/1"}],"replies":[{"embeddable":true,"href":"https:\/\/siic.albiz.org.mk\/sq\/wp-json\/wp\/v2\/comments?post=10350"}],"version-history":[{"count":7,"href":"https:\/\/siic.albiz.org.mk\/sq\/wp-json\/wp\/v2\/pages\/10350\/revisions"}],"predecessor-version":[{"id":10358,"href":"https:\/\/siic.albiz.org.mk\/sq\/wp-json\/wp\/v2\/pages\/10350\/revisions\/10358"}],"wp:attachment":[{"href":"https:\/\/siic.albiz.org.mk\/sq\/wp-json\/wp\/v2\/media?parent=10350"}],"curies":[{"name":"wp","href":"https:\/\/api.w.org\/{rel}","templated":true}]}}